{"id":8694,"date":"2026-02-20T09:49:46","date_gmt":"2026-02-20T08:49:46","guid":{"rendered":"https:\/\/edpcp.ipcms.fr\/?page_id=8694"},"modified":"2026-04-09T08:31:02","modified_gmt":"2026-04-09T07:31:02","slug":"sujets-prioritaires-2026","status":"publish","type":"page","link":"https:\/\/edpcp.ipcms.fr\/?page_id=8694","title":{"rendered":"Sujets prioritaires 2026 de l&rsquo;UMR 7361"},"content":{"rendered":"<h4>UNIQUEMENT les sujets de l&rsquo;<a href=\"https:\/\/www.is2m.uha.fr\/fr\/accueil\/\"><strong>Institut de Sciences des Mat\u00e9riaux de Mulhouse \u2013 UMR 7361 <\/strong><\/a><strong>sont affich\u00e9s<\/strong> ci-dessous.<\/h4>\n<h3>==&gt;\u00a0 <strong>Pour candidater<\/strong> :<br \/>\ncontacter directement le directeur de th\u00e8se qui porte le sujet : les coordonn\u00e9es se trouvent sur le document sujet<\/h3>\n<p>==&gt;\u00a0 <strong>D\u00e9p\u00f4t des dossiers de candidature<\/strong> :<br \/>\nc&rsquo;est au directeur de th\u00e8se, porteur du sujet, d&rsquo;envoyer le dossier de candidature \u00e0 <a href=\"mailto:dir-ed182-secretariat@unistra.fr\">dir-ed182-secretariat@unistra.fr<\/a> et <a href=\"mailto:silviu.colis@ipcms.unistra.fr\">silviu.colis@ipcms.unistra.fr<\/a><\/p>\n<h3><strong>Jusqu\u2019au 05 mai 2026 \u00e0 midi, d\u00e9lai de rigueur<\/strong> : r\u00e9ception des dossiers de candidature.\u00a0 C\u2019est au directeur de th\u00e8se d\u2019envoyer le dossier de candidature.<br \/>\nSeuls les dossiers complets seront examin\u00e9s.<br \/>\n==&gt;\u00a0 <strong><a href=\"http:\/\/edpcp.ipcms.fr\/wp-content\/uploads\/2026\/03\/UHA_Candidature-Formulaire_FR_2026-1.docx\">Formulaire FR<\/a>, <a href=\"http:\/\/edpcp.ipcms.fr\/wp-content\/uploads\/2026\/03\/UHA_Candidature-Form_English_2026-1.docx\">formulaire EN<\/a><\/strong>, <strong>formulaire<\/strong> \u00ab\u00a0Attestation d&rsquo;audition\u00a0\u00bb en <a href=\"http:\/\/edpcp.ipcms.fr\/wp-content\/uploads\/2026\/04\/2026-Formulaire_Attestation-audition-candidature-doctorat-ED182_FR_2025.docx\">Fran\u00e7ais<\/a> et en <a href=\"http:\/\/edpcp.ipcms.fr\/wp-content\/uploads\/2026\/04\/2026-Form_Attestation-audition-application_doctorat-ED182_EN_2025.docx\">Anglais<\/a>, <a href=\"https:\/\/edpcp.ipcms.fr\/?p=4515\"><strong>calendrier<\/strong><\/a>, d\u00e9roul\u00e9 des <a href=\"https:\/\/edpcp.ipcms.fr\/?p=4521\"><strong>auditions<\/strong> <\/a><\/h3>\n<p style=\"text-align: center;\"><strong>SUJETS<\/strong> :<\/p>\n<p><a href=\"http:\/\/edpcp.ipcms.fr\/wp-content\/uploads\/2026\/02\/BERLING_IS2M.pdf\">Polym\u00e9risation thermique pour la cartographie de temp\u00e9rature en thermoplasmonique<\/a> \/ Dominique BERLING (DT), C\u00e9line MOLINARD (Encadrante)<\/p>\n<p><a href=\"http:\/\/edpcp.ipcms.fr\/wp-content\/uploads\/2026\/02\/PETIT.pdf\">Croissance de Mxene par d\u00e9p\u00f4t en phase vapeur<\/a> \/ Tristan PETIT (DT)<\/p>\n<p><a href=\"http:\/\/edpcp.ipcms.fr\/wp-content\/uploads\/2026\/02\/MAURIZI-_IS2M.pdf\">D\u00e9veloppement de magn\u00e9tosomes pour diagnostics et th\u00e9rapie m\u00e9dicales<\/a> \/ Lionel MAURIZI (DT), Eliane BOU ORM (Encadrante)<\/p>\n<p><a href=\"http:\/\/edpcp.ipcms.fr\/wp-content\/uploads\/2026\/02\/PARMENTIER_IS2M.pdf\">\u00c9lectrodes de carbone poreux induites par carbonisation laser : une plateforme pour les capteurs, le stockage d\u2019\u00e9nergie et la catalyse<\/a> \/ Julie PARMENTIER (DT)<\/p>\n<p><a href=\"http:\/\/edpcp.ipcms.fr\/wp-content\/uploads\/2026\/02\/RYZHIKOV_IS2M.pdf\">ZEOLITHES ET METAL-ORGANIC FRAMEWORKS HYDROPHOBES POUR LE STOCKAGE D\u2019ENERGIE MECANIQUE ET LA SEPARATION D\u2019IONS EN PHASE AQUEUSE<\/a> \/ Andrey RYZHIKOV (DT), G\u00e9rald CHAPLAIS (Encadrant)<\/p>\n<p><a href=\"http:\/\/edpcp.ipcms.fr\/wp-content\/uploads\/2026\/02\/SCHMITT_IS2M.pdf\">Systematic machine-learning (ML) supported investigation of the design space for nanoparticle syntheses with the aim of creating organic-inorganic hybrid systems<\/a> \/ Michael SCHMITT (DT)<\/p>\n<p><a href=\"http:\/\/edpcp.ipcms.fr\/wp-content\/uploads\/2026\/02\/SIMON_IS2M.pdf\">Elucider les m\u00e9canismes de Photo-d\u00e9gradation dans les Halog\u00e9nures de P\u00e9rovskites pour le Photovolta\u00efque<\/a> \/ Laurent SIMON (DT), J\u00e9r\u00e9my HIEULLE (Encadrant)<\/p>\n<p><a href=\"http:\/\/edpcp.ipcms.fr\/wp-content\/uploads\/2026\/02\/SONNET_IS2M.pdf\">Etain bidimensionnel sur diff\u00e9rents substrats : Simulations num\u00e9riques \u00e0 l\u2019\u00e9chelle atomique<\/a> \/ Philippe SONNET (DT) et R\u00e9gis STEPHAN (Co-DT)<\/p>\n<p><a href=\"http:\/\/edpcp.ipcms.fr\/wp-content\/uploads\/2026\/02\/VONNA_IS2M.pdf\">Modelage d\u2019interfaces liquides par contrastes chimiques et microtextures responsives<\/a> \/ Laurent VONNA (DT)<\/p>\n<p>&nbsp;<\/p>\n<div id=\"themify_builder_content-8694\" data-postid=\"8694\" class=\"themify_builder_content themify_builder_content-8694 themify_builder\">\n    <\/div>\n<!-- \/themify_builder_content -->","protected":false},"excerpt":{"rendered":"<p>UNIQUEMENT les sujets de l&rsquo;Institut de Sciences des Mat\u00e9riaux de Mulhouse \u2013 UMR 7361 sont affich\u00e9s ci-dessous. ==&gt;\u00a0 Pour candidater : contacter directement le directeur de th\u00e8se qui porte le sujet : les coordonn\u00e9es se trouvent sur le document sujet ==&gt;\u00a0 D\u00e9p\u00f4t des dossiers de candidature : c&rsquo;est au directeur de th\u00e8se, porteur du sujet, [&hellip;]<\/p>\n","protected":false},"author":11,"featured_media":0,"parent":0,"menu_order":0,"comment_status":"closed","ping_status":"closed","template":"","meta":{"footnotes":""},"class_list":["post-8694","page","type-page","status-publish","hentry","has-post-title","has-post-date","has-post-category","has-post-tag","has-post-comment","has-post-author",""],"_links":{"self":[{"href":"https:\/\/edpcp.ipcms.fr\/index.php?rest_route=\/wp\/v2\/pages\/8694","targetHints":{"allow":["GET"]}}],"collection":[{"href":"https:\/\/edpcp.ipcms.fr\/index.php?rest_route=\/wp\/v2\/pages"}],"about":[{"href":"https:\/\/edpcp.ipcms.fr\/index.php?rest_route=\/wp\/v2\/types\/page"}],"author":[{"embeddable":true,"href":"https:\/\/edpcp.ipcms.fr\/index.php?rest_route=\/wp\/v2\/users\/11"}],"replies":[{"embeddable":true,"href":"https:\/\/edpcp.ipcms.fr\/index.php?rest_route=%2Fwp%2Fv2%2Fcomments&post=8694"}],"version-history":[{"count":75,"href":"https:\/\/edpcp.ipcms.fr\/index.php?rest_route=\/wp\/v2\/pages\/8694\/revisions"}],"predecessor-version":[{"id":8969,"href":"https:\/\/edpcp.ipcms.fr\/index.php?rest_route=\/wp\/v2\/pages\/8694\/revisions\/8969"}],"wp:attachment":[{"href":"https:\/\/edpcp.ipcms.fr\/index.php?rest_route=%2Fwp%2Fv2%2Fmedia&parent=8694"}],"curies":[{"name":"wp","href":"https:\/\/api.w.org\/{rel}","templated":true}]}}