{"id":7819,"date":"2025-01-17T16:20:38","date_gmt":"2025-01-17T15:20:38","guid":{"rendered":"https:\/\/edpcp.ipcms.fr\/?page_id=7819"},"modified":"2025-04-04T13:50:56","modified_gmt":"2025-04-04T12:50:56","slug":"sujets-prioritaires-2025","status":"publish","type":"page","link":"https:\/\/edpcp.ipcms.fr\/?page_id=7819","title":{"rendered":"Sujets prioritaires 2025"},"content":{"rendered":"<h2 style=\"text-align: center;\">Sujets prioritaires 2025 \/ Priority Research Topics 2025<\/h2>\n<h3 style=\"text-align: center;\"><a href=\"https:\/\/www.is2m.uha.fr\/fr\/accueil\/\"><strong>Institut de Sciences des Mat\u00e9riaux de Mulhouse \u2013 UMR 7361<\/strong><\/a><\/h3>\n<p>1. <a href=\"http:\/\/edpcp.ipcms.fr\/wp-content\/uploads\/2025\/01\/DUTOURNIE_IS2M.pdf\">Pr\u00e9curseurs de cristaux de phyllosilicates ferreux<\/a> \/ DUTOURNIE Patrick<\/p>\n<p>2.<a href=\"http:\/\/edpcp.ipcms.fr\/wp-content\/uploads\/2025\/01\/PAILLAUD_IS2M.pdf\">Conception de catalyseurs bi-fonctionnels Zeolithes\/Metaux pour la catalyse d&rsquo;oxydo-reduction<\/a> \/ PAILLAUD Jean-Louis &#8211; OHEIX Emmanuel (Co-encadrant)<\/p>\n<p>3. <a href=\"http:\/\/edpcp.ipcms.fr\/wp-content\/uploads\/2025\/01\/ROUCOULES_IS2M.pdf\">Photoreactive surfaces and their role on the structure of plasma polymers<\/a> \/ ROUCOULES Vincent &#8211; CARNEIRO DE OLIVEIRA Jamerson (Co-encadrant)<\/p>\n<p>4. <a href=\"http:\/\/edpcp.ipcms.fr\/wp-content\/uploads\/2025\/01\/RYZHIKOV_IS2M.pdf\">Zeolithes et metal-organic frameworks hydrophobes pour le stockage d&rsquo;\u00e9nergie m\u00e9canique et la s\u00e9paration d&rsquo;ions en phase aqueuse<\/a> \/ RYZHIKOV Andrey &#8211; CHAPLAIS G\u00e9rald (Co-DT)<\/p>\n<p>5. <a href=\"http:\/\/edpcp.ipcms.fr\/wp-content\/uploads\/2025\/01\/SCHMITT_IS2M.pdf\">Machine learning based artificial simulation to evaluate the synthesis and reactivity of particle based fillers<\/a> \/ SCHMITT Michael &#8211; MORLET-SAVARY Fabrice (Co-encadrant)<\/p>\n<p>6. <a href=\"http:\/\/edpcp.ipcms.fr\/wp-content\/uploads\/2025\/01\/SIMON_IS2M.pdf\">Graphene \u00e9pitaxi\u00e9, bandes plates et fermions lourds : Quelle fermiologie ?<\/a> \/ SIMON Laurent<\/p>\n<p>7. <a href=\"http:\/\/edpcp.ipcms.fr\/wp-content\/uploads\/2025\/01\/SONNET_IS2M.pdf\">R\u00e9activit\u00e9 des xenes sur diff\u00e9rents substrats : simulations num\u00e9riques \u00e0 l&rsquo;\u00e9chelle atomique<\/a> \/ SONNET Philippe &#8211; STEPHAN Regis<\/p>\n<h3 style=\"text-align: center;\"><a href=\"http:\/\/astro.unistra.fr\/\"><strong>Observatoire Astronomique de Strasbourg \u2013 UMR 7550<\/strong><\/a><\/h3>\n<p>8. <a href=\"http:\/\/edpcp.ipcms.fr\/wp-content\/uploads\/2025\/03\/Lancon_Voggel_ObAS.pdf\">Bridging stellar and extragalactic astrophysics : modeling and observing globular clusters in the era of Euclid<\/a> \/ LANCON Ariane &#8211; VOGGEL Karina (Co-encadrante) \/\/ (GALHECOS\/CDS)<\/p>\n<p>9. <a href=\"http:\/\/edpcp.ipcms.fr\/wp-content\/uploads\/2025\/03\/Ocvirk_Derriere_ObAS.pdf\">Exploration de l&rsquo;utilisation des grands mod\u00e8les de langage (LLM) au Centre de Donn\u00e9es Astronomiques de Strasbourg (CDS)<\/a> \/ OCVIRK Pierre &#8211; DERRIERE S\u00e9bastien (Co-encadrant) \/\/ (CDS)<\/p>\n<p>10. <a href=\"http:\/\/edpcp.ipcms.fr\/wp-content\/uploads\/2025\/03\/Oertel_ObAS.pdf\">Effets de la mati\u00e8re dense dans l&rsquo;\u00e9volution des proto-\u00e9toiles \u00e0 neutrons<\/a> \/ OERTEL Micaela \/\/ (GALHECOS)<\/p>\n<p>11. <a href=\"http:\/\/edpcp.ipcms.fr\/wp-content\/uploads\/2025\/03\/Petri_ObAS.pdf\">Mod\u00e9lisation multi-longueurs d\u2019onde des pulsars et de leur population<\/a> \/ PETRI J\u00e9r\u00f4me \/\/ (GALHECOS)<\/p>\n<p>12. <a href=\"http:\/\/edpcp.ipcms.fr\/wp-content\/uploads\/2025\/03\/Siebert_Monari_ObAS.pdf\">Cartographie du disque Galactique avec Gaia et WEAVE<\/a> \/ SIEBERT Arnaud &#8211; MONARI Giacomo (Co-encadrant) \/\/ (CDS)<\/p>\n<h3 style=\"text-align: center;\"><a href=\"https:\/\/www.u1121.inserm.fr\/\"><strong>Laboratoire des Biomat\u00e9riaux et Ing\u00e9nierie Tissulaire &#8211; INSERM \u2013 UMR 1121<\/strong><\/a><\/h3>\n<p>13. <a href=\"http:\/\/edpcp.ipcms.fr\/wp-content\/uploads\/2025\/03\/HEURTAULT_INSERM_Biomateriaux.pdf\">D\u00e9veloppement de syst\u00e8mes prot\u00e9iques auto-assembl\u00e9s pour la d\u00e9livrance de mol\u00e9cules anti-inflammatoires : application \u00e0 la probl\u00e9matique de l\u2019arthrose<\/a> \/ HEURTAULT B\u00e9atrice<\/p>\n<p>14. <a href=\"http:\/\/edpcp.ipcms.fr\/wp-content\/uploads\/2025\/03\/LAVALLE_INSERM_Biomateriaux.pdf\">Hydrogels based on peptides and polysaccharides to manage chronic wounds<\/a> \/ LAVALLE Philippe<\/p>\n<p>15. <a href=\"http:\/\/edpcp.ipcms.fr\/wp-content\/uploads\/2025\/03\/VAUTIER_INSERM_Biomateriaux.pdf\">M\u00e9canotransduction valvulaire par la s\u00e9rotonine et le r\u00e9cepteur 5-HT2B dans un environnement 2D statiques et 3D dynamiques<\/a> \/ VAUTIER Dominique &amp; MONASSIER Laurent<\/p>\n<h3 style=\"text-align: center;\"><a href=\"http:\/\/www.ipcms.unistra.fr\/\"><strong>Institut de Physique et Chimie des Mat\u00e9riaux de Strasbourg \u2013 UMR 7504<\/strong><\/a><\/h3>\n<p>16. <a href=\"http:\/\/edpcp.ipcms.fr\/wp-content\/uploads\/2025\/04\/PICHON_IPCMS-ED182-2025.pdf\">Conception de mat\u00e9riaux nanostructur\u00e9s \u00e0 faible impact environnemental pour la production d\u2019hydrog\u00e8ne par \u00e9lectro-catalyse<\/a> \/PICHON Beno\u00eet (DCMI)<\/p>\n<p>17. <a href=\"http:\/\/edpcp.ipcms.fr\/wp-content\/uploads\/2025\/04\/ORI_IPCMS.pdf\">Machine learning assisted first principle molecular dynamics for modelling structures and properties of disordered materials<\/a> \/ ORI Guido (DCMI)<\/p>\n<p>18. <a href=\"http:\/\/edpcp.ipcms.fr\/wp-content\/uploads\/2025\/04\/DINIA_RASTEI_IPCMS.pdf\">Etude spectrale des propri\u00e9t\u00e9s opto\u00e9lectroniques des oxydes ferro\u00e9lectriques par sonde locale<\/a> \/ DINIA Aziz Dinia &#8211; RASTEI Mircea (Co-encadrant) (DCMI)<\/p>\n<p>19. <a href=\"http:\/\/edpcp.ipcms.fr\/wp-content\/uploads\/2025\/04\/HOFFMANN_IPCMS.pdf\">Photochemistry of oxazolones<\/a> \/ HOFFMANN Norbert (DMO)<\/p>\n<p>20. <a href=\"http:\/\/edpcp.ipcms.fr\/wp-content\/uploads\/2025\/04\/DONNIO_IPCMS.pdf\">Quantum charge effects in nanoparticulate plexcitonic systems<\/a> \/ DONNIO Bertrand (DMO)<\/p>\n<p>21. <a href=\"http:\/\/edpcp.ipcms.fr\/wp-content\/uploads\/2025\/04\/DALEO_IPCMS.pdf\">Difluorure de bore de curcumino\u00efde\u00a0: \u00e9metteurs pour l\u2019\u00e9lectronique organiqu<\/a>e \/ D&rsquo;ALEO Anthony (DMO)<\/p>\n<p>22. <a href=\"http:\/\/edpcp.ipcms.fr\/wp-content\/uploads\/2025\/04\/BARTHELEMY_HALTE_IPCMS.pdf\">Dynamics of charges and spins in a 2D magnet induced by a femtosecond laser pulse: FePS3 antiferromagne<\/a>t \/ BARTHELEMY Marie &amp; HALTE Val\u00e9rie (DON)<\/p>\n<p>23. <a href=\"http:\/\/edpcp.ipcms.fr\/wp-content\/uploads\/2025\/04\/FRAS_BARSELLA_IPCMS.pdf\">Exploring quantum defects in 2D materials with ultrafast optical coherent microscopy<\/a> \/ BARSELLA Alberto &#8211; FRAS Fran\u00e7ois (Co-encadrant) (DON)<\/p>\n<p>24. <a href=\"http:\/\/edpcp.ipcms.fr\/wp-content\/uploads\/2025\/04\/HERVIEUX_IPCMS.pdf\">Influence of the environment on electron capture decay: Investigation of the microscopic nature of dark matter<\/a> \/ HERVIEUX Paul-Antoine (DON)<\/p>\n<p>25. <a href=\"http:\/\/edpcp.ipcms.fr\/wp-content\/uploads\/2025\/04\/MANFREDI_IPCMS.pdf\">Optimization and control of quantum heat engines<\/a> \/ MANFREDI Giovanni (DON)<\/p>\n<p>26. <a href=\"http:\/\/edpcp.ipcms.fr\/wp-content\/uploads\/2025\/04\/WEINMANN-JALABERT_IPCMS.pdf\">Quantum thermodynamics for electronic transport<\/a> \/ WEIMANN Dietmar &amp; JALABERT Rodolfo (DMONS)<\/p>\n<p>27. <a href=\"http:\/\/edpcp.ipcms.fr\/wp-content\/uploads\/2025\/04\/ALOUANI_BACQ_LABREUIL_IPCMS.pdf\">Ab initio calculated magnetic coupling between magnetic nanoparticles on graphene<\/a> \/ ALOUANI Mebarek &#8211; BACQ-LABREUIL Benjamin (Co-encadrant) (DMONS)<\/p>\n<p>28. <a href=\"http:\/\/edpcp.ipcms.fr\/wp-content\/uploads\/2025\/04\/BAILLEUL_NOEL_IPCMS.pdf\">Non-linear hall effects: towards efficient electrical rectification for THZ detection<\/a> \/ BAILLEUL Matthieu &amp; NO\u00cbL Paul (DMONS)<\/p>\n<p>29. <a href=\"http:\/\/edpcp.ipcms.fr\/wp-content\/uploads\/2025\/04\/BOWEN_IPCMS.pdf\">Quantum spintronic qubit: first experiments<\/a> \/ BOWEN Martin (DMONS)<\/p>\n<p>30. <a href=\"http:\/\/edpcp.ipcms.fr\/wp-content\/uploads\/2025\/04\/LIMOT_IPCMS.pdf\">Skyrmion characterisation and manipulation via a molecular spin probe<\/a> \/ LIMOT Laurent (DSI)<\/p>\n<h3 style=\"text-align: center;\"><strong><a href=\"https:\/\/icpees.unistra.fr\">Institut de Chimie et Proc\u00e9d\u00e9s pour l\u2019Energie, l\u2019Environnement et la Sant\u00e9 \u2013 UMR 7515<\/a><\/strong><\/h3>\n<p>31. <a href=\"http:\/\/edpcp.ipcms.fr\/wp-content\/uploads\/2025\/04\/BEGIN_ICPEES.pdf\">Unravelling the effect of a magnetic field on the electrochemical properties of composite electrode materials<\/a> \/ BEGIN Sylvie &amp; DOUDIN Bernard &#8211; PRONKIN Sergey (Co-encadrant)<\/p>\n<h3 style=\"text-align: center;\"><strong><a href=\"https:\/\/institut-chimie.unistra.fr\/\">Institut de Chimie de Strasbourg \u2013 UMR 7177<\/a><\/strong><\/h3>\n<p>32. <a href=\"http:\/\/Institut de Chimie de Strasbourg \u2013 UMR 7177 Bioinspired organic electrode materials for ion batteries \/ CHOUA Sylvie &amp; DESAGE-EL MURR Marine (Co-DT)\">Bioinspired organic electrode materials for ion batteries <\/a>\/ CHOUA Sylvie &amp; DESAGE-EL MURR Marine (Co-DT)<\/p>\n<h3 style=\"text-align: center;\"><a href=\"http:\/\/www.iphc.cnrs.fr\/\"><strong>Institut Pluridisciplinaire Hubert Curien \u2013 UMR 7178<\/strong><\/a><\/h3>\n<p>33. <a href=\"http:\/\/edpcp.ipcms.fr\/wp-content\/uploads\/2025\/04\/ED182_THESE_IPHC_RAUSCH_2025.pdf\">Axions, cordes cosmiques et monopoles magn\u00e9tiques &#8211; Th\u00e9orie<\/a> \/ RAUSCH DE TRAUBENBERG Michel<\/p>\n<p>34. <a href=\"http:\/\/edpcp.ipcms.fr\/wp-content\/uploads\/2025\/04\/ED182_THESE_IPHC_QUARANTA_2025.pdf\">Etude cin\u00e9tique d\u2019un cocktail de microplastiques et nanoparticules de dioxyde de titane dans le continuum eau-s\u00e9dimentsair : devenir de m\u00e9lange de substances dans le bassin versant de la Thur (68) &#8211; Radiochimie<\/a> \/ QUARANTA Gaetana<\/p>\n<p>35. <a href=\"http:\/\/edpcp.ipcms.fr\/wp-content\/uploads\/2025\/04\/ED182_THESE_IPHC_KACHEL_2025.pdf\">\u00c9tude d\u2019architectures de lecture asynchrone de capteurs \u00e0 pixels CMOS, immunes aux perturbations induites par une particule isol\u00e9e &#8211; C4PI<\/a> \/ KACHEL Maciej<\/p>\n<p>36. <a href=\"http:\/\/edpcp.ipcms.fr\/wp-content\/uploads\/2025\/04\/ED182_THESE_IPHC_HENNING_2025.pdf\">Studies of the 238U(n, 2n) and (n, 3n) reactions at the NFS Facility using prompt \u03b3-ray spectroscopy &#8211; DNR<\/a> \/ HENNING Greg &amp; KERVENO Ma\u00eblle<\/p>\n<p>37. <a href=\"http:\/\/edpcp.ipcms.fr\/wp-content\/uploads\/2025\/04\/ED182_THESE_IPHC_VANSTALLE_2025.pdf\">Effects of ion fragmentation and dose rate on water and biomolecule radiolysis &#8211; DESIS<\/a> \/ VANSTALLE Marie<\/p>\n<p>38. <a href=\"http:\/\/edpcp.ipcms.fr\/wp-content\/uploads\/2025\/04\/ED182_THESE_IPHC_ANDREA_2025.pdf\">Development of vertex detectors on electron-postitron colliders &#8211; PICSEL-FCC<\/a> \/ ANDREA J\u00e9r\u00e9my<\/p>\n<p>39. <a href=\"http:\/\/edpcp.ipcms.fr\/wp-content\/uploads\/2025\/04\/ED182_THESIS_IPHC_CHABERT_2025.pdf\">A global search for charged long-lived particles at LHC with the CMS experiment though advanced instrumental exploitation- CMS<\/a> \/ CHABERT Eric<\/p>\n<p>40. <a href=\"http:\/\/edpcp.ipcms.fr\/wp-content\/uploads\/2025\/04\/ED182_THESE_IPHC_MOURS_2025.pdf\">Contributions to Gravitational Wave Astronomy Getting ready for more events &#8211; OGMA<\/a> \/ MOURS Benoit<\/p>\n<p>41. <a href=\"http:\/\/edpcp.ipcms.fr\/wp-content\/uploads\/2025\/04\/ED182_THESE_IPHC_DIDIERJEAN_2025.pdf\">Study of the structure of neutron-rich nuclei in the N~50 region &#8211; DNE<\/a> \/ DIDIERJEAN Fran\u00e7ois<\/p>\n<p>42. <a href=\"http:\/\/edpcp.ipcms.fr\/wp-content\/uploads\/2025\/04\/ED182_THESE_IPHC_MAIRE_2025.pdf\">Optimisation de la collection de charge et de l\u2019\u00e9lectronique frontale int\u00e9gr\u00e9e dans un capteur monolithique d\u00e9di\u00e9 \u00e0 la d\u00e9tection de particules charg\u00e9es &#8211; ALICE<\/a> \/ MAIRE Antonin<\/p>\n<h3 style=\"text-align: center;\"><a href=\"http:\/\/www-ics.ipcms.fr\/#&amp;panel1-1\"><strong>Institut Charles Sadron \u2013 UPR 22<\/strong><\/a><\/h3>\n<p>43. <a href=\"http:\/\/edpcp.ipcms.fr\/wp-content\/uploads\/2025\/04\/Bouquey_Parpaite_ICS-2025.pdf\">Synth\u00e8se de mousses de polyur\u00e9thane et de poly(3,4-\u00e9thyl\u00e8ne-dioxythioph\u00e8ne) (PU@PEDOT) pour des applications en thermo\u00e9lectricit\u00e9 et en d\u00e9pollution de l&rsquo;eau<\/a> \/ BOUQUEY Michel &#8211; PARPAITE Thibaud<\/p>\n<p>44. <a href=\"http:\/\/edpcp.ipcms.fr\/wp-content\/uploads\/2025\/04\/Brinkmann_Meyer_Fall_ICS-2025.pdf\">Profiling PBTTT8O Polymer Polymorphs with Molecular Dynamics Simulations<\/a> \/ MEYER Hendrik &amp; BRINKMANN Martin (Co-DT) &#8211; STUART William (Co-encadrant)<\/p>\n<p>45. <a href=\"http:\/\/edpcp.ipcms.fr\/wp-content\/uploads\/2025\/04\/Charitat_ICS-2025.pdf\">Constant mean-curvature surfaces under complex constraints<\/a> \/ CHARITAT Thierry<\/p>\n<p>46. <a href=\"http:\/\/edpcp.ipcms.fr\/wp-content\/uploads\/2025\/04\/Grande-Vauthier_ICS-2025.pdf\">Completely shape-tunable polymersomes via \u2018click\u2019 chemistry (ComPoClick)<\/a> \/ VAUTHIER Madeline &amp; GRANDE Daniel (Co-DT)<\/p>\n<p>47. <a href=\"http:\/\/edpcp.ipcms.fr\/wp-content\/uploads\/2025\/04\/SCHMUTZ_JIERRY_ICS-2025.pdf\">Hydrogel supramol\u00e9culaire \u00e0 base de peptides autoassembl\u00e9s \u2013 R\u00e9solution de structure \u00e0 l\u2019\u00e9chelle quasi-atomique par cryomicroscopie \u00e9lectronique<\/a> \/ SCHMUTZ Marc &amp; JIERRY Lo\u00efc (Co-DT)<\/p>\n<p>48. <a href=\"http:\/\/edpcp.ipcms.fr\/wp-content\/uploads\/2025\/04\/Thalmann_ICS-2025.pdf\">Hysteresis induced Activity in Giant Vesicle Assemblies<\/a> \/ THALMANN Fabrice<\/p>\n<p>49. <a href=\"http:\/\/edpcp.ipcms.fr\/wp-content\/uploads\/2025\/04\/Wittmer-Vahdati_ICS-2025.pdf\">Resolving Solvent-Polymer Interactions in Eutectogels<\/a> \/ WITTMER Joachim &#8211; VAHDATI Mehdi<\/p>\n<p>&nbsp;<\/p>\n<div id=\"themify_builder_content-7819\" data-postid=\"7819\" class=\"themify_builder_content themify_builder_content-7819 themify_builder\">\n    <\/div>\n<!-- \/themify_builder_content -->","protected":false},"excerpt":{"rendered":"<p>Sujets prioritaires 2025 \/ Priority Research Topics 2025 Institut de Sciences des Mat\u00e9riaux de Mulhouse \u2013 UMR 7361 1. Pr\u00e9curseurs de cristaux de phyllosilicates ferreux \/ DUTOURNIE Patrick 2.Conception de catalyseurs bi-fonctionnels Zeolithes\/Metaux pour la catalyse d&rsquo;oxydo-reduction \/ PAILLAUD Jean-Louis &#8211; OHEIX Emmanuel (Co-encadrant) 3. Photoreactive surfaces and their role on the structure of plasma [&hellip;]<\/p>\n","protected":false},"author":11,"featured_media":0,"parent":0,"menu_order":0,"comment_status":"closed","ping_status":"closed","template":"","meta":{"footnotes":""},"class_list":["post-7819","page","type-page","status-publish","hentry","has-post-title","has-post-date","has-post-category","has-post-tag","has-post-comment","has-post-author",""],"_links":{"self":[{"href":"https:\/\/edpcp.ipcms.fr\/index.php?rest_route=\/wp\/v2\/pages\/7819","targetHints":{"allow":["GET"]}}],"collection":[{"href":"https:\/\/edpcp.ipcms.fr\/index.php?rest_route=\/wp\/v2\/pages"}],"about":[{"href":"https:\/\/edpcp.ipcms.fr\/index.php?rest_route=\/wp\/v2\/types\/page"}],"author":[{"embeddable":true,"href":"https:\/\/edpcp.ipcms.fr\/index.php?rest_route=\/wp\/v2\/users\/11"}],"replies":[{"embeddable":true,"href":"https:\/\/edpcp.ipcms.fr\/index.php?rest_route=%2Fwp%2Fv2%2Fcomments&post=7819"}],"version-history":[{"count":157,"href":"https:\/\/edpcp.ipcms.fr\/index.php?rest_route=\/wp\/v2\/pages\/7819\/revisions"}],"predecessor-version":[{"id":8353,"href":"https:\/\/edpcp.ipcms.fr\/index.php?rest_route=\/wp\/v2\/pages\/7819\/revisions\/8353"}],"wp:attachment":[{"href":"https:\/\/edpcp.ipcms.fr\/index.php?rest_route=%2Fwp%2Fv2%2Fmedia&parent=7819"}],"curies":[{"name":"wp","href":"https:\/\/api.w.org\/{rel}","templated":true}]}}