{"id":7128,"date":"2024-02-12T13:47:00","date_gmt":"2024-02-12T12:47:00","guid":{"rendered":"https:\/\/edpcp.ipcms.fr\/?page_id=7128"},"modified":"2026-02-20T09:44:31","modified_gmt":"2026-02-20T08:44:31","slug":"sujets-prioritaires-des-annees-precedentes","status":"publish","type":"page","link":"https:\/\/edpcp.ipcms.fr\/?page_id=7128&lang=en","title":{"rendered":"Sujets prioritaires des ann\u00e9es pr\u00e9c\u00e9dentes"},"content":{"rendered":"<div class=\"texte \">\n<p><a href=\"https:\/\/edpcp.ipcms.fr\/?page_id=7819\"><strong>Sujet prioritaires 2025<\/strong><\/a><\/p>\n<p><a href=\"https:\/\/edpcp.ipcms.fr\/?page_id=7053&amp;lang=en\"><strong>Sujets prioritaires 2024<\/strong><\/a><\/p>\n<p><a href=\"https:\/\/edpcp.ipcms.fr\/?page_id=6333&amp;lang=en\"><strong>Sujets prioritaires 2023<\/strong><\/a><\/p>\n<p><strong><a href=\"https:\/\/edpcp.ipcms.fr\/?p=5739\">Sujets prioritaires 2022<\/a><br \/>\n<\/strong><\/p>\n<p><strong><a href=\"http:\/\/edpcp.ipcms.fr\/?p=5076\">Sujets prioritaires 2021<\/a><br \/>\n<\/strong><\/p>\n<p><strong><a href=\"http:\/\/edpcp.ipcms.fr\/?p=4397&amp;preview=true\">Sujets prioritaires 2020<\/a><\/strong><\/p>\n<p><strong><a href=\"http:\/\/edpcp.ipcms.fr\/?p=4155&amp;preview=true\">Sujets prioritaires 2019<\/a><\/strong><\/p>\n<\/div>\n<p><a href=\"http:\/\/edpcp.ipcms.fr\/?p=3960\"><strong>Sujets de th\u00e8se EUR 2018<\/strong><\/a><\/p>\n<div class=\"texte \">\n<p><a href=\"http:\/\/edpcp.ipcms.fr\/?p=3773\"><strong>Sujets prioritaires 2018<\/strong><\/a><\/p>\n<p><a href=\"http:\/\/edpcp.ipcms.fr\/?p=3229\"><strong>Sujets prioritaires 2017<\/strong><\/a><\/p>\n<p><strong><a href=\"http:\/\/edpcp.ipcms.fr\/?p=2795\" target=\"_blank\" rel=\"noopener noreferrer\">Sujets prioritaires 2016<\/a><\/strong><\/p>\n<p><strong><a href=\"http:\/\/edpcp.ipcms.fr\/?p=2461\">Sujets prioritaires 2015<\/a><br \/>\n<\/strong><\/p>\n<p>&nbsp;<\/p>\n<\/div>\n<div id=\"themify_builder_content-7128\" data-postid=\"7128\" class=\"themify_builder_content themify_builder_content-7128 themify_builder\">\n    <\/div>\n<!-- \/themify_builder_content -->","protected":false},"excerpt":{"rendered":"<p>Sujet prioritaires 2025 Sujets prioritaires 2024 Sujets prioritaires 2023 Sujets prioritaires 2022 Sujets prioritaires 2021 Sujets prioritaires 2020 Sujets prioritaires 2019 Sujets de th\u00e8se EUR 2018 Sujets prioritaires 2018 Sujets prioritaires 2017 Sujets prioritaires 2016 Sujets prioritaires 2015 &nbsp;<\/p>\n","protected":false},"author":11,"featured_media":0,"parent":0,"menu_order":0,"comment_status":"closed","ping_status":"closed","template":"","meta":{"footnotes":""},"class_list":["post-7128","page","type-page","status-publish","hentry","has-post-title","has-post-date","has-post-category","has-post-tag","has-post-comment","has-post-author",""],"_links":{"self":[{"href":"https:\/\/edpcp.ipcms.fr\/index.php?rest_route=\/wp\/v2\/pages\/7128","targetHints":{"allow":["GET"]}}],"collection":[{"href":"https:\/\/edpcp.ipcms.fr\/index.php?rest_route=\/wp\/v2\/pages"}],"about":[{"href":"https:\/\/edpcp.ipcms.fr\/index.php?rest_route=\/wp\/v2\/types\/page"}],"author":[{"embeddable":true,"href":"https:\/\/edpcp.ipcms.fr\/index.php?rest_route=\/wp\/v2\/users\/11"}],"replies":[{"embeddable":true,"href":"https:\/\/edpcp.ipcms.fr\/index.php?rest_route=%2Fwp%2Fv2%2Fcomments&post=7128"}],"version-history":[{"count":11,"href":"https:\/\/edpcp.ipcms.fr\/index.php?rest_route=\/wp\/v2\/pages\/7128\/revisions"}],"predecessor-version":[{"id":8693,"href":"https:\/\/edpcp.ipcms.fr\/index.php?rest_route=\/wp\/v2\/pages\/7128\/revisions\/8693"}],"wp:attachment":[{"href":"https:\/\/edpcp.ipcms.fr\/index.php?rest_route=%2Fwp%2Fv2%2Fmedia&parent=7128"}],"curies":[{"name":"wp","href":"https:\/\/api.w.org\/{rel}","templated":true}]}}