{"id":7053,"date":"2024-02-12T09:49:58","date_gmt":"2024-02-12T08:49:58","guid":{"rendered":"https:\/\/edpcp.ipcms.fr\/?page_id=7053"},"modified":"2024-05-21T09:07:19","modified_gmt":"2024-05-21T08:07:19","slug":"sujets-prioritaires-2024","status":"publish","type":"page","link":"https:\/\/edpcp.ipcms.fr\/?page_id=7053&lang=en","title":{"rendered":"Sujets prioritaires 2024"},"content":{"rendered":"<h2 style=\"text-align: center;\">Sujet prioritaires 2024 \/ Priority Research Topics 2024<\/h2>\n<p>&nbsp;<\/p>\n<h3 style=\"text-align: center;\"><a href=\"https:\/\/www.is2m.uha.fr\/fr\/accueil\/\"><strong>Institut de Sciences des Mat\u00e9riaux de Mulhouse \u2013 UMR 7361<\/strong><\/a><\/h3>\n<p>1. <a href=\"http:\/\/edpcp.ipcms.fr\/wp-content\/uploads\/2024\/02\/1_DUTOURNIE_IS2M.pdf\">Pr\u00e9curseurs de cristaux de phyllosilicates ferreux \/ Axe TRM2P<\/a> (DUTOURNIE Patrick et DZENE Liva)<\/p>\n<p>2. <a href=\"http:\/\/edpcp.ipcms.fr\/wp-content\/uploads\/2024\/02\/2_JADA-_IS2M.pdf\">Synth\u00e8se d\u2019adsorbants composites catalytiques et leur application dans l\u2019\u00e9limination et la d\u00e9gradation des polluants organiques \/ Axe MDMI<\/a> (JADA Amane)<\/p>\n<p>3. <a href=\"http:\/\/edpcp.ipcms.fr\/wp-content\/uploads\/2024\/02\/3_MORLET-SAVARY_IS2M.pdf\">Photo semiconductor nanoparticles as initiators for free radical polymerization up into the visible range \/ Axe PM2P<\/a> (MORLET-SAVARY Fabrice et SCHMITT Michael)<\/p>\n<p>4. <a href=\"http:\/\/edpcp.ipcms.fr\/wp-content\/uploads\/2024\/05\/4_CHEMTOBE_MUTLU_IS2M_210524.pdf\">Circular use of landfill and domestic waste towards functional hybrid materials \/ Axe MDMI<\/a> (CHEMTOB Abraham et MUTLU Hatice)<\/p>\n<p>5. <a href=\"http:\/\/edpcp.ipcms.fr\/wp-content\/uploads\/2024\/02\/5_PAILLAUD_IS2M.pdf\">Insertiond&rsquo;ions m\u00e9talliques dans les z\u00e9olithes: conception de nouveaux mat\u00e9riaux pour la catalyse d&rsquo;oxydation \/ Axe MPC<\/a> (PAILLAUD Jean-Louis et OHEIX Emmanuel)<\/p>\n<p>6. <a href=\"http:\/\/edpcp.ipcms.fr\/wp-content\/uploads\/2024\/02\/6_PONCHE_IS2M.pdf\">Prot\u00e9ine\/Surface : vers une meilleure compr\u00e9hension des interfaces \u00e0 l\u2019\u00e9chelle mol\u00e9culaire \/ Axe BIO<\/a> (PONCHE Arnaud)<\/p>\n<p>7. <a href=\"http:\/\/edpcp.ipcms.fr\/wp-content\/uploads\/2024\/02\/7_SIMON-MASSERON_IS2M.pdf\">Elaboration of photopolymerized acrylate\/zeolite composites with nano-ZnO \/ Axe MPC-PM2P<\/a> (SIMON-MASSERON Ang\u00e9liquej et SCHMITT Michael)<\/p>\n<p>8. <a href=\"http:\/\/edpcp.ipcms.fr\/wp-content\/uploads\/2024\/02\/8_SONNET_IS2M.pdf\">Simulations num\u00e9riques de cristaux 2D et de nanorubans 1D sur diff\u00e9rents substrats \/ Axe SIMU<\/a> (SONNET Philippe, STEPHAN Regis et HANF M. Christine)<\/p>\n<p>9. <a href=\"http:\/\/edpcp.ipcms.fr\/wp-content\/uploads\/2024\/02\/9_SOPPERA_IS2M.pdf\">Photolithographie \u00e0 l\u2019\u00e9chelle nanom\u00e9trique \/ Axe PHOTON<\/a> (SOPPERA Olivier)<\/p>\n<p>10. <a href=\"http:\/\/edpcp.ipcms.fr\/wp-content\/uploads\/2024\/02\/10_SPANGENBERG_IS2M.pdf\">3D printing of Carbon Architectures using bio-based resins \/ Axe MDMI &#8211; CMH<\/a> (SPANGENBERG Arnaud et GHIMBEU Camelia)<\/p>\n<h3 style=\"text-align: center;\"><a href=\"https:\/\/www.u1121.inserm.fr\/\"><strong>Laboratoire des Biomat\u00e9riaux et Ing\u00e9nierie Tissulaire &#8211; INSERM \u2013 UMR 1121<\/strong><\/a><\/h3>\n<p>11. <a href=\"http:\/\/edpcp.ipcms.fr\/wp-content\/uploads\/2024\/04\/11_BALL_INSERM.pdf\">Biological and chemical applications of electropolymerized materials made from a mushroom polyphenol<\/a> (BALL Vincent)<\/p>\n<p>12. <a href=\"http:\/\/edpcp.ipcms.fr\/wp-content\/uploads\/2024\/04\/12_LAVALLE_INSERM.pdf\">Smart antimicrobial hydrogels based on self-assemblies of peptid<\/a>e (LAVALLE Philippe)<\/p>\n<p>13. <a href=\"http:\/\/edpcp.ipcms.fr\/wp-content\/uploads\/2024\/04\/13_REISCH_INSERM.pdf\">Compact protein-based matrials as though hydrogels for cartilage and tendon repair<\/a> (REISCH Andreas)<\/p>\n<h3 style=\"text-align: center;\"><a href=\"http:\/\/astro.unistra.fr\/\"><strong>Observatoire Astronomique de Strasbourg \u2013 UMR 7550<\/strong><\/a><\/h3>\n<p>14. <a href=\"http:\/\/edpcp.ipcms.fr\/wp-content\/uploads\/2024\/04\/Ibata_ObAS.pdf\">Exploring dark matter in the distant outskirts of the Milky Way with RR Lyrae variable stars and Deep Learning<\/a> (IBATA Rodrigo)<\/p>\n<p>15. <a href=\"http:\/\/edpcp.ipcms.fr\/wp-content\/uploads\/2024\/04\/LANCON_ObAS.pdf\">Modeling Globular Clusters in the era of large Space Telescope surveys<\/a> ( LAN\u00c7ON Ariane, BIANCHINI Paolo)<\/p>\n<p>16.<a href=\"http:\/\/edpcp.ipcms.fr\/wp-content\/uploads\/2024\/04\/Ocvirk_ObAS.pdf\"> La co-\u00e9volution des galaxies et du milieu inter-galactique pendant l&rsquo;\u00e9poque de la r\u00e9ionisation<\/a> (OCVIRK Pierre, KRALJIC Katarina)<\/p>\n<p>17. <a href=\"http:\/\/edpcp.ipcms.fr\/wp-content\/uploads\/2024\/04\/Renaud_ObAS.pdf\">Do interactions erase the relics of galactic archeology?<\/a> (RENAUD Florent, MARTIN Nicolas)<\/p>\n<p>18.<a href=\"http:\/\/edpcp.ipcms.fr\/wp-content\/uploads\/2024\/04\/Siebert_ObAS.pdf\"> Cartographie du disque Galactique avec Gaia et WEAVE<\/a> (SIEBERT Arnaud, Monari Giacomo)<\/p>\n<h3 style=\"text-align: center;\"><a href=\"http:\/\/www-ics.ipcms.fr\/#&amp;panel1-1\"><strong>Institut Charles Sadron \u2013 UPR 22<\/strong><\/a><\/h3>\n<p>19. <a href=\"http:\/\/edpcp.ipcms.fr\/wp-content\/uploads\/2024\/04\/BINIEK_ICS_2024.pdf\">Optimisation de la porosit\u00e9 de couches conductrices polym\u00e8res pour am\u00e9liorer la sensibilit\u00e9 des capteurs d\u2019ammoniac<\/a> (BINIEK Laure)<\/p>\n<p>20. <a href=\"http:\/\/edpcp.ipcms.fr\/wp-content\/uploads\/2024\/04\/DRENCKHAN_ICS_2024_VersionED.pdf\">Elucidating the physical mechanisms behind foam cleaning efficiency<\/a> (DRENCKHAN Wiebke)<\/p>\n<p>21. <a href=\"http:\/\/edpcp.ipcms.fr\/wp-content\/uploads\/2024\/04\/FARAGO_ICS_2024.pdf\">Self-organised architectures of foam-intruder system<\/a>s (FARAGO Jean)<\/p>\n<p>22. <a href=\"http:\/\/edpcp.ipcms.fr\/wp-content\/uploads\/2024\/04\/GRANDE_PARPAITE_ICS_2024.pdf\">Novel Recyclable Multifunctional Biporous Materials Based on Poly(Ionic Liquid)s<\/a> (GRANDE Daniel)<\/p>\n<p>23. <a href=\"http:\/\/edpcp.ipcms.fr\/wp-content\/uploads\/2024\/04\/MEYER_FALL_ICS_2024.pdf\">Machine Learning Polymer Force-Field<\/a>s (MEYER Hendrik, FALL Williams)<\/p>\n<p>24. <a href=\"http:\/\/edpcp.ipcms.fr\/wp-content\/uploads\/2024\/04\/PELLETIER_ICS_2024.pdf\">Approche biomim\u00e9tique pour le d\u00e9veloppement de structures Voronoi 2D surfacique et Voronoi 3D \u00e0 gradient de propri\u00e9t\u00e9s pour la production d\u2019\u00e9l\u00e9ments proth\u00e9tiques innovants<\/a> (PELLETIER Herv\u00e9, ROLAND Thierry)<\/p>\n<p>25. <a href=\"http:\/\/edpcp.ipcms.fr\/wp-content\/uploads\/2024\/04\/STOCCO_ICS_2024.pdf\">Asymmetric Giant Vesicles under Cycles<\/a> (STOCCO Antonio)<\/p>\n<p>26. <a href=\"http:\/\/edpcp.ipcms.fr\/wp-content\/uploads\/2024\/04\/VAUTHIER_BOUQUEY_ICS_2024.pdf\">Thermosets and \u2018\u2018clic\u2019\u2019 reactio<\/a>n (VAUTHIER Madeline, BOUQUEY Michel)<\/p>\n<h3 style=\"text-align: center;\"><strong><a href=\"https:\/\/icpees.unistra.fr\">Institut de Chimie et Proc\u00e9d\u00e9s pour l\u2019Energie, l\u2019Environnement et la Sant\u00e9 \u2013 UMR 7515<\/a><\/strong><\/h3>\n<p>27.<a href=\"http:\/\/edpcp.ipcms.fr\/wp-content\/uploads\/2024\/04\/POLLET_ICPEES.pdf\"> Bio-based polyester resins with stimuli-responsive reversible crosslinks for improved circularity<\/a> (POLLET Eric)<\/p>\n<h3 style=\"text-align: center;\"><a href=\"http:\/\/www.ipcms.unistra.fr\/\"><strong>Institut de Physique et Chimie des Mat\u00e9riaux de Strasbourg \u2013 UMR 7504<\/strong><\/a><\/h3>\n<p>28. <a href=\"http:\/\/edpcp.ipcms.fr\/wp-content\/uploads\/2024\/04\/PICHON_IPCMS-ED182-2024.pdf\">Design of core-shell nanoparticles as a new electroncatalysts for the H2 production<\/a> &#8211;\u00a0 PICHON Beno\u00eet<\/p>\n<p>29. <a href=\"http:\/\/edpcp.ipcms.fr\/wp-content\/uploads\/2024\/04\/VIART_IPCMS2024_sujet-prioritaire_ED182.pdf\">Strain tuning of infinite-layer nickelates membranes<\/a> &#8211; VIART Nathalie\/PREZIOSI Daniele<\/p>\n<p>30. <a href=\"http:\/\/edpcp.ipcms.fr\/wp-content\/uploads\/2024\/04\/HOFFMANN_Photochemistry-of-oxazolones_IPCMS2024_sujet-prioritaire_ED182.pdf\">Photochemistry of oxazolones<\/a> &#8211; HOFFMANN Norbert<\/p>\n<p>31. <a href=\"http:\/\/edpcp.ipcms.fr\/wp-content\/uploads\/2024\/04\/RASTEI_DONNIO_IPCMS2024_sujet-prioritaire_ED182.pdf\">Quantum charge effects in nanoparticulate plexcitonic systems<\/a> &#8211; RASTEI Mircea\/DONNIO Bertrand<\/p>\n<p>32. <a href=\"http:\/\/edpcp.ipcms.fr\/wp-content\/uploads\/2024\/04\/DOUCE_IPCMS2024_sujet-prioritaire_ED182.pdf\">From luminescent imidazolium salts to tools for biology<\/a> &#8211; DOUCE Laurent<\/p>\n<p>33. <a href=\"http:\/\/edpcp.ipcms.fr\/wp-content\/uploads\/2024\/04\/BARTHELEMY_HALTE_IPCMS2024_sujet-prioritaire_ED-182.pdf\">Investigating ultrafast magnetization dynamics of 2D transition metal phosphorus trichalcogenides<\/a> &#8211; BARTHELEMY Marie\/HALTE Val\u00e9rie<\/p>\n<p>34. <a href=\"http:\/\/edpcp.ipcms.fr\/wp-content\/uploads\/2024\/04\/BARSELLA-F.-FRAS-thesis-proposal_OD_ED-182.pdf\">Exploring quantum defects in 2D materials with ultrafast optical coherent microscopy<\/a> &#8211; BARSELLA Alberto\/FRAS Fran\u00e7ois<\/p>\n<p>35. <a href=\"http:\/\/edpcp.ipcms.fr\/wp-content\/uploads\/2024\/04\/HEBRAUD_IPCMS2024_-sujet-prioritaire_ED182.pdf\">Floculation of a dense mineral suspension<\/a> &#8211; HEBRAUD Pascal<\/p>\n<p>36. <a href=\"http:\/\/edpcp.ipcms.fr\/wp-content\/uploads\/2024\/04\/GRANGE_IPCMS2024_sujet-prioritaire_ED182.pdf\">Studying DNA loop extrusion by cohesin and condensin using a single-molecule technique<\/a> &#8211; GRANGE Wilfried<\/p>\n<p>37. <a href=\"http:\/\/edpcp.ipcms.fr\/wp-content\/uploads\/2024\/04\/BERCIAUD_IPCMS2024_sujet-prioritaire_ED182.pdf\">Interfacial coupling and electronic phases in van der Waals heterostructures<\/a> &#8211; BERCIAUD St\u00e9phane<\/p>\n<p>38.\u00a0 <a href=\"http:\/\/edpcp.ipcms.fr\/wp-content\/uploads\/2024\/04\/WEICK_IPCMS2024_sujet-prioritaire_ED182.pdf\">Theorical study of decoherence in molecular systems strongly coupled to light<\/a> &#8211; WEICK Guillaume (avec D. Hagenmuller @ ISIS)<\/p>\n<p>39. <a href=\"http:\/\/edpcp.ipcms.fr\/wp-content\/uploads\/2024\/04\/HALLEY_DAYEN_IPCMS2024_sujet-prioritaire_ED182.pdf\">Multiferroic van der Waals epitaxial hybrids<\/a> &#8211; HALLEY David et DAYEN Jean-Fran\u00e7ois<\/p>\n<p>40. <a href=\"http:\/\/edpcp.ipcms.fr\/wp-content\/uploads\/2024\/04\/KUNDYS_IPCMS2024_sujet-prioritaire_ED182.pdf\">Photoferroelectric photonic devices<\/a> &#8211; KUNDYS Bohdan<\/p>\n<p>41. <a href=\"http:\/\/edpcp.ipcms.fr\/wp-content\/uploads\/2024\/04\/SCHULL_IPCMS2024_sujet-prioritaire_ED182.pdf\">Photosynthesis at the nanoscale<\/a> &#8211; SCHULL Guillaume<\/p>\n<p>42. <a href=\"http:\/\/edpcp.ipcms.fr\/wp-content\/uploads\/2024\/04\/Goyhenex_Bulou_IPCMS2024_sujet-prioritaire_ED182.pdf\">Modelling of multi-component alloy nanoparticles for catalysis applications<\/a> &#8211; GOYHENEX Christine et BULOU Herv\u00e9<\/p>\n<h3 style=\"text-align: center;\"><a href=\"http:\/\/www.iphc.cnrs.fr\/\"><strong>Institut Pluridisciplinaire Hubert Curien \u2013 UMR 7178<\/strong><\/a><\/h3>\n<p>43. <a href=\"http:\/\/edpcp.ipcms.fr\/wp-content\/uploads\/2024\/04\/IPHC_ALICE_KUHN_2024.pdf\">\u00c9tude de la production de la beaut\u00e9 ouverte avec le d\u00e9tecteur ALICE au LHC<\/a> &#8211; BELIKOV Iouri \/ KUHN Christian<\/p>\n<p>44.<a href=\"http:\/\/edpcp.ipcms.fr\/wp-content\/uploads\/2024\/04\/IPHC_Belle2_BAUDOT_2024.pdf\"> Search for CP violation beyond the Standard Model in the decay B0\u27f6Kres\ud835\udefe with the Belle II experiment<\/a> &#8211; BAUDOT J\u00e9r\u00f4me<\/p>\n<p>45. <a href=\"http:\/\/edpcp.ipcms.fr\/wp-content\/uploads\/2024\/04\/IPHC_CMS_LEBIHAN_2024.pdf\">Measurement of the tau polarization and the electroweak mixing angle in Z boson decays to tau leptons<\/a> &#8211; LE BIHAN Anne-Catherine \/ ANDREA Jeremy \/ GOERLACH Ulrich<\/p>\n<p>46. <a href=\"http:\/\/edpcp.ipcms.fr\/wp-content\/uploads\/2024\/04\/IPHC_DNR_KERVENO_2024.pdf\">Etude des r\u00e9actions (n,2n), (n,3n) aupr\u00e8s de la nouvelle installation GANIL\/SIPRAL2\/NFS en utilisant la m\u00e9thode de la spectroscopie gamma prompte<\/a> &#8211; KERVENO Ma\u00eblle \/ HENNING Greg<\/p>\n<p>47. <a href=\"http:\/\/edpcp.ipcms.fr\/wp-content\/uploads\/2024\/04\/IPHC_neutrino_Baussan_2024.pdf\">Design and performances of neutrino superbeams at the European neutron spallation source<\/a> &#8211; DRACOS Marcos \/ BAUSSAN Eric<\/p>\n<p>48. <a href=\"http:\/\/edpcp.ipcms.fr\/wp-content\/uploads\/2024\/04\/IPHC_PICSEL_ELBITAR_2024.pdf\">New generation of CMOS pixel sensors for future colliders<\/a> &#8211; EL BITAR Ziad \/ BESSON Auguste<\/p>\n<p>49. <a href=\"http:\/\/edpcp.ipcms.fr\/wp-content\/uploads\/2024\/04\/IPHC_Radiochimie_Boltoeva_2024.pdf\">Technique de la membrane assist\u00e9e pour la d\u00e9contamination des effluents aqueux<\/a> &#8211; BOLTOEVA Maria<\/p>\n<p>50. <a href=\"http:\/\/edpcp.ipcms.fr\/wp-content\/uploads\/2024\/04\/IPHC_DNE_Dorvaux_2024.pdf\">Exploring the Island of Stability: Spectroscopic Studies of Superheavy Elements and the Synthesis of New Elements Beyond Z=118&Prime;<\/a> &#8211; DORVAUX Olivier<\/p>\n<h3 style=\"text-align: center;\"><strong><a href=\"https:\/\/institut-chimie.unistra.fr\/\">Institut de Chimie de Strasbourg \u2013 UMR 7177<\/a><\/strong><\/h3>\n<p>51.<a href=\"http:\/\/edpcp.ipcms.fr\/wp-content\/uploads\/2024\/04\/Template-Sujets-These_comp.pdf\"> Bioinspired organic electrode materials for ion batteries<\/a> &#8211; CHOUA Sylvie<\/p>\n<p>&nbsp;<\/p>\n<div id=\"themify_builder_content-7053\" data-postid=\"7053\" class=\"themify_builder_content themify_builder_content-7053 themify_builder\">\n    <\/div>\n<!-- \/themify_builder_content -->","protected":false},"excerpt":{"rendered":"<p>Sujet prioritaires 2024 \/ Priority Research Topics 2024 &nbsp; Institut de Sciences des Mat\u00e9riaux de Mulhouse \u2013 UMR 7361 1. Pr\u00e9curseurs de cristaux de phyllosilicates ferreux \/ Axe TRM2P (DUTOURNIE Patrick et DZENE Liva) 2. Synth\u00e8se d\u2019adsorbants composites catalytiques et leur application dans l\u2019\u00e9limination et la d\u00e9gradation des polluants organiques \/ Axe MDMI (JADA Amane) [&hellip;]<\/p>\n","protected":false},"author":11,"featured_media":0,"parent":0,"menu_order":0,"comment_status":"closed","ping_status":"closed","template":"","meta":{"footnotes":""},"class_list":["post-7053","page","type-page","status-publish","hentry","has-post-title","has-post-date","has-post-category","has-post-tag","has-post-comment","has-post-author",""],"_links":{"self":[{"href":"https:\/\/edpcp.ipcms.fr\/index.php?rest_route=\/wp\/v2\/pages\/7053","targetHints":{"allow":["GET"]}}],"collection":[{"href":"https:\/\/edpcp.ipcms.fr\/index.php?rest_route=\/wp\/v2\/pages"}],"about":[{"href":"https:\/\/edpcp.ipcms.fr\/index.php?rest_route=\/wp\/v2\/types\/page"}],"author":[{"embeddable":true,"href":"https:\/\/edpcp.ipcms.fr\/index.php?rest_route=\/wp\/v2\/users\/11"}],"replies":[{"embeddable":true,"href":"https:\/\/edpcp.ipcms.fr\/index.php?rest_route=%2Fwp%2Fv2%2Fcomments&post=7053"}],"version-history":[{"count":211,"href":"https:\/\/edpcp.ipcms.fr\/index.php?rest_route=\/wp\/v2\/pages\/7053\/revisions"}],"predecessor-version":[{"id":7512,"href":"https:\/\/edpcp.ipcms.fr\/index.php?rest_route=\/wp\/v2\/pages\/7053\/revisions\/7512"}],"wp:attachment":[{"href":"https:\/\/edpcp.ipcms.fr\/index.php?rest_route=%2Fwp%2Fv2%2Fmedia&parent=7053"}],"curies":[{"name":"wp","href":"https:\/\/api.w.org\/{rel}","templated":true}]}}