{"id":6264,"date":"2023-02-27T15:47:31","date_gmt":"2023-02-27T14:47:31","guid":{"rendered":"https:\/\/edpcp.ipcms.fr\/?page_id=6264"},"modified":"2023-02-27T15:57:35","modified_gmt":"2023-02-27T14:57:35","slug":"portfolio-des-competences","status":"publish","type":"page","link":"https:\/\/edpcp.ipcms.fr\/?page_id=6264","title":{"rendered":"Portfolio des comp\u00e9tences"},"content":{"rendered":"<p>Informations et liens permettant de vous aider \u00e0 \u00e9valuer et constituer votre portfolio de comp\u00e9tences acquises et d\u00e9velopp\u00e9es durant votre doctorat dans une perspective d\u2019insertion professionnelle.<\/p>\n<p><a href=\"http:\/\/www.mydocpro.org\/fr\" target=\"_blank\" rel=\"noopener\">http:\/\/www.mydocpro.org\/fr<\/a><\/p>\n<p><a href=\"http:\/\/edpcp.ipcms.fr\/wp-content\/uploads\/2023\/02\/DocPro-Presentation-detaillee-des-competences-7.pdf\">Pr\u00e9sentation d\u00e9taill\u00e9e des comp\u00e9tences (DocPro)<\/a><\/p>\n<p><a href=\"http:\/\/edpcp.ipcms.fr\/wp-content\/uploads\/2023\/02\/FicheDoctoratALaLoupe-21-5-1.pdf\">Comp\u00e9tences d\u00e9velopp\u00e9es durant le doctorat (fiche CJC)<\/a><\/p>\n<div id=\"themify_builder_content-6264\" data-postid=\"6264\" class=\"themify_builder_content themify_builder_content-6264 themify_builder\">\n    <\/div>\n<!-- \/themify_builder_content -->","protected":false},"excerpt":{"rendered":"<p>Informations et liens permettant de vous aider \u00e0 \u00e9valuer et constituer votre portfolio de comp\u00e9tences acquises et d\u00e9velopp\u00e9es durant votre doctorat dans une perspective d\u2019insertion professionnelle. http:\/\/www.mydocpro.org\/fr Pr\u00e9sentation d\u00e9taill\u00e9e des comp\u00e9tences (DocPro) Comp\u00e9tences d\u00e9velopp\u00e9es durant le doctorat (fiche CJC)<\/p>\n","protected":false},"author":11,"featured_media":0,"parent":0,"menu_order":0,"comment_status":"closed","ping_status":"closed","template":"","meta":{"footnotes":""},"class_list":["post-6264","page","type-page","status-publish","hentry","has-post-title","has-post-date","has-post-category","has-post-tag","has-post-comment","has-post-author",""],"_links":{"self":[{"href":"https:\/\/edpcp.ipcms.fr\/index.php?rest_route=\/wp\/v2\/pages\/6264","targetHints":{"allow":["GET"]}}],"collection":[{"href":"https:\/\/edpcp.ipcms.fr\/index.php?rest_route=\/wp\/v2\/pages"}],"about":[{"href":"https:\/\/edpcp.ipcms.fr\/index.php?rest_route=\/wp\/v2\/types\/page"}],"author":[{"embeddable":true,"href":"https:\/\/edpcp.ipcms.fr\/index.php?rest_route=\/wp\/v2\/users\/11"}],"replies":[{"embeddable":true,"href":"https:\/\/edpcp.ipcms.fr\/index.php?rest_route=%2Fwp%2Fv2%2Fcomments&post=6264"}],"version-history":[{"count":17,"href":"https:\/\/edpcp.ipcms.fr\/index.php?rest_route=\/wp\/v2\/pages\/6264\/revisions"}],"predecessor-version":[{"id":6284,"href":"https:\/\/edpcp.ipcms.fr\/index.php?rest_route=\/wp\/v2\/pages\/6264\/revisions\/6284"}],"wp:attachment":[{"href":"https:\/\/edpcp.ipcms.fr\/index.php?rest_route=%2Fwp%2Fv2%2Fmedia&parent=6264"}],"curies":[{"name":"wp","href":"https:\/\/api.w.org\/{rel}","templated":true}]}}