{"id":400,"date":"2015-02-25T19:16:22","date_gmt":"2015-02-25T18:16:22","guid":{"rendered":"http:\/\/edpcp.ipcms.fr\/?page_id=400"},"modified":"2025-12-02T10:29:45","modified_gmt":"2025-12-02T09:29:45","slug":"accueil","status":"publish","type":"page","link":"https:\/\/edpcp.ipcms.fr\/","title":{"rendered":"<font color=white>accueil<\/font>"},"content":{"rendered":"<div id=\"edito\" class=\"listagebloc\">\n<div class=\"texteheader\">\n<h1 style=\"text-align: justify;\">Ecole Doctorale (ED182)<\/h1>\n<p>&nbsp;<\/p>\n<p style=\"text-align: justify;\"><strong>L\u2019Ecole Doctorale de Physique et Chimie Physique<\/strong> est co-accr\u00e9dit\u00e9e entre l\u2019<a class=\"spip_out\" href=\"http:\/\/www.unistra.fr\/\"><strong>Unistra<\/strong><\/a> et l\u2019<a class=\"spip_out\" href=\"http:\/\/www.uha.fr\"><strong>UHA<\/strong><\/a>. Elle a pour objectif d\u2019offrir une formation par la recherche dans les domaines d\u2019int\u00e9r\u00eat de ses 8 laboratoires. Le spectre des th\u00e9matiques de recherche est large, en liaison avec les grandes orientations qui font la force du p\u00f4le scientifique strasbourgeois, allant de la physique subatomique \u00e0 l\u2019astrophysique, en passant par la physique de la mati\u00e8re condens\u00e9e avec ses ramifications dans les nanosciences (propri\u00e9t\u00e9s d\u2019objets uniques), les mat\u00e9riaux fonctionnels (optique, magn\u00e9tisme et spintronique) et la physique m\u00e9soscopique. L\u2019\u00e9cole doctorale est fortement pluridisciplinaires ainsi que le montrent les diff\u00e9rentes th\u00e9matiques prioritaires qui sont red\u00e9finies chaque ann\u00e9e, alliant les apports de la physique et de la chimie \u00e0 l\u2019interface avec les sciences du vivant comme par exemple en imagerie biom\u00e9dicale mais \u00e9galement dans les biomat\u00e9riaux et les mat\u00e9riaux polym\u00e8res.<\/p>\n<p style=\"text-align: justify;\">Les doctorants inscrits ou souhaitant s&rsquo;inscrire \u00e0 l&rsquo;UHA peuvent se r\u00e9f\u00e9rer au site de l&rsquo;<strong><a href=\"http:\/\/www.ecoledoctorale.uha.fr\">antenne de Mulhouse<\/a><\/strong>.<\/p>\n<p><strong>Missions\u00a0:<\/strong><\/p>\n<p>Organiser la formation des doctorants<br \/>\nVeiller \u00e0 l\u2019encadrement et au suivi des doctorants<br \/>\nLes pr\u00e9parer \u00e0 leur insertion professionnelle<br \/>\nTraiter les candidatures aux contrats doctoraux<br \/>\nExamen des dossiers de soutenance des th\u00e8ses<\/p>\n<p style=\"text-align: justify;\">Les principes fix\u00e9s par l\u2019universit\u00e9 de Strasbourg pour la pr\u00e9paration d\u2019une th\u00e8se sont pr\u00e9cis\u00e9s dans la <a href=\"http:\/\/edpcp.ipcms.fr\/wp-content\/uploads\/2023\/02\/1-CHARTE_DU_DOCTORAT_2022_02-1.pdf\"><strong>charte du doctorat (FR)<\/strong><\/a><strong> \/ <\/strong><a href=\"http:\/\/edpcp.ipcms.fr\/wp-content\/uploads\/2023\/03\/1-CHARTE_DU_DOCTORAT_2022_EN.pdf\"><strong>Doctorate charter (EN)<\/strong><\/a><\/p>\n<\/div>\n<\/div>\n<div id=\"themify_builder_content-400\" data-postid=\"400\" class=\"themify_builder_content themify_builder_content-400 themify_builder\">\n    <\/div>\n<!-- \/themify_builder_content -->","protected":false},"excerpt":{"rendered":"<p>Ecole Doctorale (ED182) &nbsp; L\u2019Ecole Doctorale de Physique et Chimie Physique est co-accr\u00e9dit\u00e9e entre l\u2019Unistra et l\u2019UHA. Elle a pour objectif d\u2019offrir une formation par la recherche dans les domaines d\u2019int\u00e9r\u00eat de ses 8 laboratoires. Le spectre des th\u00e9matiques de recherche est large, en liaison avec les grandes orientations qui font la force du p\u00f4le [&hellip;]<\/p>\n","protected":false},"author":7,"featured_media":0,"parent":0,"menu_order":0,"comment_status":"closed","ping_status":"closed","template":"","meta":{"footnotes":""},"class_list":["post-400","page","type-page","status-publish","hentry","has-post-title","has-post-date","has-post-category","has-post-tag","has-post-comment","has-post-author",""],"_links":{"self":[{"href":"https:\/\/edpcp.ipcms.fr\/index.php?rest_route=\/wp\/v2\/pages\/400","targetHints":{"allow":["GET"]}}],"collection":[{"href":"https:\/\/edpcp.ipcms.fr\/index.php?rest_route=\/wp\/v2\/pages"}],"about":[{"href":"https:\/\/edpcp.ipcms.fr\/index.php?rest_route=\/wp\/v2\/types\/page"}],"author":[{"embeddable":true,"href":"https:\/\/edpcp.ipcms.fr\/index.php?rest_route=\/wp\/v2\/users\/7"}],"replies":[{"embeddable":true,"href":"https:\/\/edpcp.ipcms.fr\/index.php?rest_route=%2Fwp%2Fv2%2Fcomments&post=400"}],"version-history":[{"count":45,"href":"https:\/\/edpcp.ipcms.fr\/index.php?rest_route=\/wp\/v2\/pages\/400\/revisions"}],"predecessor-version":[{"id":8599,"href":"https:\/\/edpcp.ipcms.fr\/index.php?rest_route=\/wp\/v2\/pages\/400\/revisions\/8599"}],"wp:attachment":[{"href":"https:\/\/edpcp.ipcms.fr\/index.php?rest_route=%2Fwp%2Fv2%2Fmedia&parent=400"}],"curies":[{"name":"wp","href":"https:\/\/api.w.org\/{rel}","templated":true}]}}