{"id":3590,"date":"2018-03-07T11:22:59","date_gmt":"2018-03-07T10:22:59","guid":{"rendered":"http:\/\/edpcp.ipcms.fr\/?page_id=3590"},"modified":"2023-03-16T11:24:21","modified_gmt":"2023-03-16T10:24:21","slug":"home-page","status":"publish","type":"page","link":"https:\/\/edpcp.ipcms.fr\/?page_id=3590&lang=en","title":{"rendered":"<font color=white>Introduction<\/font>"},"content":{"rendered":"<h1>Doctoral College (ED182)<\/h1>\n<p><span id=\"result_box\" class=\"\" lang=\"en\"><span title=\"L\u2019Ecole Doctorale de Physique et Chimie-Physique est co-accr\u00e9dit\u00e9e entre l\u2019Unistra et l\u2019UHA.\"><strong>The Doctoral College of Physics and Chemistry-Physics<\/strong> is co-accredited between <a href=\"http:\/\/www.unistra.fr\/\"><strong>Unistra<\/strong><\/a> and <a href=\"http:\/\/www.uha.fr\"><strong>UH<\/strong>A<\/a>. <\/span><span title=\"Elle a pour objectif d\u2019offrir une formation par la recherche dans les domaines d\u2019int\u00e9r\u00eat de ses 8 laboratoires.\">It aims to provide research training in the areas of interest of its 8 laboratories. <\/span><span title=\"Le spectre des th\u00e9matiques de recherche est large, en liaison avec les grandes orientations qui font la force du p\u00f4le scientifique strasbourgeois, allant de la physique subatomique \u00e0 l'astrophysique, en passant par la physique de la mati\u00e8re condens\u00e9e avec ses ramifications dans les nanosciences (\">The spectrum of research themes is broad, in connection with the major orientations that make up the strength of the Strasbourg scientific cluster, ranging from subatomic physics to astrophysics, through the physics of condensed matter with its ramifications in the nanosciences ( <\/span><span title=\"propri\u00e9t\u00e9s d'objets uniques), les mat\u00e9riaux fonctionnels (optique, magn\u00e9tisme et spintronique) et la physique m\u00e9soscopique.\">properties of unique objects), functional materials (optics, magnetism and spintronics) and mesoscopic physics. <\/span><span title=\"L'\u00e9cole doctorale est fortement pluridisciplinaires ainsi que le montrent les diff\u00e9rentes th\u00e9matiques prioritaires qui sont red\u00e9finies chaque ann\u00e9e, alliant les apports de la physique et de la chimie \u00e0 l'interface avec les sciences du vivant comme par exemple en imagerie biom\u00e9dicale mais \u00e9galement dans les\">The doctoral school is highly multidisciplinary as shown by the different priority themes that are redefined each year, combining the contributions of physics and chemistry to the interface with life sciences, for example in biomedical imaging but also in <\/span><span title=\"biomat\u00e9riaux et les mat\u00e9riaux polym\u00e8res. \">biomaterials and polymeric materials.<\/span><\/span><\/p>\n<p><span title=\"Les doctorants inscrits ou souhaitant s\u2019inscrire \u00e0 l\u2019UHA peuvent se r\u00e9f\u00e9rer au site de l\u2019antenne de Mulhouse. \">PhD students enrolled or wishing to register for the UHA can refer to the site of the <a href=\"http:\/\/www.ecoledoctorale.uha.fr\/\">Mulhouse antenna<\/a>.<\/span><\/p>\n<p><span title=\"Missions : \"><strong>Missions:<\/strong><\/span><\/p>\n<p><span title=\"Organiser la formation des doctorants \">Organize the training of PhD students<br \/>\n<\/span><span title=\"Veiller \u00e0 l\u2019encadrement et au suivi des doctorants \">Ensure supervision and monitoring of PhD students<br \/>\n<\/span><span title=\"Les pr\u00e9parer \u00e0 leur insertion professionnelle \">Prepare them for their professional insertion<br \/>\n<\/span><span title=\"Traiter les candidatures aux contrats doctoraux \">Treat applications for doctoral contracts<br \/>\n<\/span><span title=\"Examen des dossiers de soutenance des th\u00e8ses \">Examination of thesis defense files<\/span><\/p>\n<p><span title=\"Les principes fix\u00e9s par l\u2019universit\u00e9 de Strasbourg pour la pr\u00e9paration d\u2019une th\u00e8se sont pr\u00e9cis\u00e9s dans la charte du doctorat. \">The principles set by the University of Strasbourg for the preparation of a thesis are specified in the <a href=\"http:\/\/edpcp.ipcms.fr\/wp-content\/uploads\/2023\/03\/1-CHARTE_DU_DOCTORAT_2022_EN.pdf\">doctoral charter (EN)<\/a>.<br \/>\n<\/span><span title=\"English version of the doctorate charter.\"><a href=\"http:\/\/edpcp.ipcms.fr\/wp-content\/uploads\/2023\/03\/1-CHARTE_DU_DOCTORAT_2022_02-1.pdf\">French version of the doctorate charte<\/a>r.<\/span><\/p>\n<div id=\"themify_builder_content-3590\" data-postid=\"3590\" class=\"themify_builder_content themify_builder_content-3590 themify_builder\">\n    <\/div>\n<!-- \/themify_builder_content -->","protected":false},"excerpt":{"rendered":"<p>Doctoral College (ED182) The Doctoral College of Physics and Chemistry-Physics is co-accredited between Unistra and UHA. It aims to provide research training in the areas of interest of its 8 laboratories. The spectrum of research themes is broad, in connection with the major orientations that make up the strength of the Strasbourg scientific cluster, ranging [&hellip;]<\/p>\n","protected":false},"author":2,"featured_media":0,"parent":0,"menu_order":0,"comment_status":"closed","ping_status":"closed","template":"","meta":{"footnotes":""},"class_list":["post-3590","page","type-page","status-publish","hentry","has-post-title","has-post-date","has-post-category","has-post-tag","has-post-comment","has-post-author",""],"_links":{"self":[{"href":"https:\/\/edpcp.ipcms.fr\/index.php?rest_route=\/wp\/v2\/pages\/3590","targetHints":{"allow":["GET"]}}],"collection":[{"href":"https:\/\/edpcp.ipcms.fr\/index.php?rest_route=\/wp\/v2\/pages"}],"about":[{"href":"https:\/\/edpcp.ipcms.fr\/index.php?rest_route=\/wp\/v2\/types\/page"}],"author":[{"embeddable":true,"href":"https:\/\/edpcp.ipcms.fr\/index.php?rest_route=\/wp\/v2\/users\/2"}],"replies":[{"embeddable":true,"href":"https:\/\/edpcp.ipcms.fr\/index.php?rest_route=%2Fwp%2Fv2%2Fcomments&post=3590"}],"version-history":[{"count":10,"href":"https:\/\/edpcp.ipcms.fr\/index.php?rest_route=\/wp\/v2\/pages\/3590\/revisions"}],"predecessor-version":[{"id":6488,"href":"https:\/\/edpcp.ipcms.fr\/index.php?rest_route=\/wp\/v2\/pages\/3590\/revisions\/6488"}],"wp:attachment":[{"href":"https:\/\/edpcp.ipcms.fr\/index.php?rest_route=%2Fwp%2Fv2%2Fmedia&parent=3590"}],"curies":[{"name":"wp","href":"https:\/\/api.w.org\/{rel}","templated":true}]}}